{"id":1612,"date":"2020-02-13T12:27:59","date_gmt":"2020-02-13T11:27:59","guid":{"rendered":"https:\/\/cpfalces.educacion.navarra.es\/blogs\/?page_id=1612"},"modified":"2022-12-21T11:19:28","modified_gmt":"2022-12-21T10:19:28","slug":"educa-familias","status":"publish","type":"page","link":"https:\/\/cpfalces.educacion.navarra.es\/blogs\/educa-familias\/","title":{"rendered":"EDUCA FAMILIAS"},"content":{"rendered":"\n<h2><em><a href=\"https:\/\/educa.navarra.es\/auth\/realms\/educacion.navarra.es\/protocol\/openid-connect\/auth?client_id=educa-portal-frontend&amp;redirect_uri=https%3A%2F%2Feducages.navarra.es%2FEduca%2Fportal%2Fes%2F&amp;state=c4cb065c-1bf9-4c2b-8ad8-fcbafd12907f&amp;nonce=e549af61-95f6-4a99-842d-8e88d81165fd&amp;response_mode=fragment&amp;response_type=code&amp;scope=openid\"><strong>ACCESO EDUCA PARA LAS FAMILIAS<\/strong> <\/a><\/em><\/h2>\n\n\n\n<p><strong>                     (PINCHAD <a href=\"https:\/\/drive.google.com\/file\/d\/1Enb34yocww7MqpdTZHucVURomut0SrQV\/view?usp=sharing\">AQU\u00cd<\/a> PARA VER LAS <a href=\"https:\/\/drive.google.com\/open?id=https:\/\/drive.google.com\/file\/d\/1Enb34yocww7MqpdTZHucVURomut0SrQV\/view?usp=sharing\">INSTRUCCIONES<\/a> DE C\u00d3MO ACCEDER A EDUCA)<\/strong><\/p>\n\n\n\n<figure class=\"wp-block-embed is-type-video is-provider-youtube wp-block-embed-youtube wp-embed-aspect-16-9 wp-has-aspect-ratio\"><div class=\"wp-block-embed__wrapper\">\n<iframe loading=\"lazy\" title=\"Tutorial acceso educa\" width=\"500\" height=\"281\" src=\"https:\/\/www.youtube.com\/embed\/Q7aj9kXnUyM?feature=oembed\" frameborder=\"0\" allow=\"accelerometer; autoplay; clipboard-write; encrypted-media; gyroscope; picture-in-picture\" allowfullscreen><\/iframe>\n<\/div><\/figure>\n\n\n\n<figure class=\"wp-block-embed is-type-video is-provider-youtube wp-block-embed-youtube wp-embed-aspect-16-9 wp-has-aspect-ratio\"><div class=\"wp-block-embed__wrapper\">\n<iframe loading=\"lazy\" title=\"TUTORIA ACCESO EDUCA\" width=\"500\" height=\"281\" src=\"https:\/\/www.youtube.com\/embed\/a65j0VlzvyI?feature=oembed\" frameborder=\"0\" allow=\"accelerometer; autoplay; clipboard-write; encrypted-media; gyroscope; picture-in-picture\" allowfullscreen><\/iframe>\n<\/div><\/figure>\n\n\n\n<div class=\"wp-block-file\"><object class=\"wp-block-file__embed\" data=\"https:\/\/cpfalces.educacion.navarra.es\/blogs\/wp-content\/uploads\/2022\/12\/EDUCA.-MANUAL-PARA-ALUMNADO-Y-FAMILIAS.pdf\" type=\"application\/pdf\" style=\"width:100%;height:600px\" aria-label=\"Incrustado de EDUCA.-MANUAL-PARA-ALUMNADO-Y-FAMILIAS.\"><\/object><a id=\"wp-block-file--media-290c5113-d901-4ef1-abb1-e52f95072f91\" href=\"https:\/\/cpfalces.educacion.navarra.es\/blogs\/wp-content\/uploads\/2022\/12\/EDUCA.-MANUAL-PARA-ALUMNADO-Y-FAMILIAS.pdf\">EDUCA.-MANUAL-PARA-ALUMNADO-Y-FAMILIAS<\/a><a href=\"https:\/\/cpfalces.educacion.navarra.es\/blogs\/wp-content\/uploads\/2022\/12\/EDUCA.-MANUAL-PARA-ALUMNADO-Y-FAMILIAS.pdf\" class=\"wp-block-file__button\" download aria-describedby=\"wp-block-file--media-290c5113-d901-4ef1-abb1-e52f95072f91\">Descarga<\/a><\/div>\n\n\n\n<h2><strong><em>FECHAS DE PUBLICACI\u00d3N DE NOTAS<\/em><\/strong><\/h2>\n\n\n\n<p><strong>1\u00aa EVALUACI\u00d3N<\/strong><\/p>\n\n\n\n<p>Mi\u00e9rcoles 21 de diciembre<\/p>\n\n\n\n<p><strong>2\u00aa EVALUACI\u00d3N<\/strong><\/p>\n\n\n\n<p>Martes 4 de abril<\/p>\n\n\n\n<p><strong>3\u00aa EVALUACI\u00d3N <\/strong><\/p>\n\n\n\n<p>E.I. EP &#8211; Viernes 17 de junio<\/p>\n\n\n\n<p><strong>E. FINAL<\/strong><\/p>\n\n\n\n<p>E.I. EP &#8211; Viernes 17 de junio<\/p>\n\n\n\n<p>ESO &#8211; Viernes 23 de junio<\/p>\n","protected":false},"excerpt":{"rendered":"<p>ACCESO EDUCA PARA LAS FAMILIAS (PINCHAD AQU\u00cd PARA VER LAS INSTRUCCIONES DE C\u00d3MO ACCEDER A EDUCA) FECHAS DE PUBLICACI\u00d3N DE NOTAS 1\u00aa EVALUACI\u00d3N Mi\u00e9rcoles 21 de diciembre 2\u00aa EVALUACI\u00d3N Martes 4 de abril 3\u00aa EVALUACI\u00d3N E.I. EP &#8211; Viernes 17 de junio E. FINAL E.I. EP &#8211; Viernes 17 de junio ESO &#8211; Viernes 23 [&hellip;]<\/p>\n","protected":false},"author":1,"featured_media":0,"parent":0,"menu_order":4,"comment_status":"closed","ping_status":"closed","template":"","meta":{"_genesis_hide_title":false,"_genesis_hide_breadcrumbs":false,"_genesis_hide_singular_image":false,"_genesis_hide_footer_widgets":false,"_genesis_custom_body_class":"","_genesis_custom_post_class":"","_genesis_layout":""},"_links":{"self":[{"href":"https:\/\/cpfalces.educacion.navarra.es\/blogs\/wp-json\/wp\/v2\/pages\/1612"}],"collection":[{"href":"https:\/\/cpfalces.educacion.navarra.es\/blogs\/wp-json\/wp\/v2\/pages"}],"about":[{"href":"https:\/\/cpfalces.educacion.navarra.es\/blogs\/wp-json\/wp\/v2\/types\/page"}],"author":[{"embeddable":true,"href":"https:\/\/cpfalces.educacion.navarra.es\/blogs\/wp-json\/wp\/v2\/users\/1"}],"replies":[{"embeddable":true,"href":"https:\/\/cpfalces.educacion.navarra.es\/blogs\/wp-json\/wp\/v2\/comments?post=1612"}],"version-history":[{"count":22,"href":"https:\/\/cpfalces.educacion.navarra.es\/blogs\/wp-json\/wp\/v2\/pages\/1612\/revisions"}],"predecessor-version":[{"id":2334,"href":"https:\/\/cpfalces.educacion.navarra.es\/blogs\/wp-json\/wp\/v2\/pages\/1612\/revisions\/2334"}],"wp:attachment":[{"href":"https:\/\/cpfalces.educacion.navarra.es\/blogs\/wp-json\/wp\/v2\/media?parent=1612"}],"curies":[{"name":"wp","href":"https:\/\/api.w.org\/{rel}","templated":true}]}}