{"id":73,"date":"2013-09-18T12:12:24","date_gmt":"2013-09-18T10:12:24","guid":{"rendered":"http:\/\/cpfalces.educacion.navarra.es\/blogs\/?page_id=73"},"modified":"2025-10-13T11:07:10","modified_gmt":"2025-10-13T09:07:10","slug":"el-consejo-escolar","status":"publish","type":"page","link":"https:\/\/cpfalces.educacion.navarra.es\/blogs\/infogeneral\/el-consejo-escolar\/","title":{"rendered":"CONSEJO ESCOLAR"},"content":{"rendered":"<p class=\"MsoNormal\" style=\"line-height: 150%;\"><span style=\"font-size: 12.0pt; line-height: 150%; font-family: 'Arial','sans-serif';\">El Consejo Escolar es un \u00f3rgano de gobierno y participaci\u00f3n del centro. Est\u00e1 compuesto por todos los sectores de la comunidad educativa y su constituci\u00f3n es obligatoria en todos los centros gestionados con fondos p\u00fablicos.<\/span><\/p>\n<p class=\"MsoNormal\" style=\"line-height: 150%;\"><span style=\"font-size: 12.0pt; line-height: 150%; font-family: 'Arial','sans-serif';\">Cada dos a\u00f1os se renuevan la mitad de los representantes de cada sector a excepci\u00f3n del Equipo Directivo que, de forma ordinaria, estar\u00e1n cuatro a\u00f1os, seg\u00fan el proceso de elecci\u00f3n establecido en la legislaci\u00f3n vigente. El director\/a del centro ser\u00e1 el Presidente\/a del Consejo Escolar y el secretario\/a tendr\u00e1 voz pero no voto.<\/span><\/p>\n<p class=\"MsoNormal\" style=\"line-height: 150%;\"><span style=\"font-size: 12.0pt; line-height: 150%; font-family: 'Arial','sans-serif';\">El representante del sector de alumnos\/as, tendr\u00e1 voz y voto, excepto cuando la votaci\u00f3n se efect\u00fae para la elecci\u00f3n o el cese del Director\/a.<\/span><\/p>\n<table class=\"MsoNormalTable\" border=\"1\" cellspacing=\"0\" cellpadding=\"0\">\n<tbody>\n<tr>\n<td style=\"width: 439.5pt; background: #BFBFBF; padding: 0cm 0cm 0cm 0cm;\" colspan=\"2\" width=\"586\">\n<p class=\"MsoNormal\" style=\"text-align: center;\"><strong><span style=\"font-size: 12.0pt; font-family: 'Arial','sans-serif'; mso-fareast-font-family: 'Times New Roman'; mso-fareast-language: ES;\">CONSEJO ESCOLAR<\/span><\/strong><\/p>\n<p class=\"MsoNormal\" style=\"text-align: center;\"><strong><span style=\"font-size: 12.0pt; font-family: 'Arial','sans-serif'; mso-fareast-font-family: 'Times New Roman'; mso-fareast-language: ES;\"> (CURSO 2024<\/span><\/strong><strong><span style=\"font-size: 12.0pt; font-family: 'Arial','sans-serif'; mso-fareast-font-family: 'Times New Roman'; mso-fareast-language: ES;\">\/2025)<\/span><\/strong><\/p>\n<\/td>\n<\/tr>\n<tr>\n<td style=\"width: 219.75pt; padding: 0cm 0cm 0cm 0cm;\" width=\"293\">\n<p class=\"MsoNormal\"><strong><span style=\"font-size: 12.0pt; font-family: 'Arial','sans-serif'; mso-fareast-font-family: 'Times New Roman'; mso-fareast-language: ES;\">PRESIDENTE<\/span><\/strong><\/p>\n<\/td>\n<td style=\"width: 219.75pt; padding: 0cm 0cm 0cm 0cm;\" width=\"293\">\n<p class=\"MsoNormal\">D.\u00a0 David Ruiz<\/p>\n<\/td>\n<\/tr>\n<tr>\n<td style=\"width: 219.75pt; padding: 0cm 0cm 0cm 0cm;\" width=\"293\">\n<p class=\"MsoNormal\"><strong><span style=\"font-size: 12.0pt; font-family: 'Arial','sans-serif'; mso-fareast-font-family: 'Times New Roman'; mso-fareast-language: ES;\">JEFA DE ESTUDIOS<\/span><\/strong><\/p>\n<\/td>\n<td style=\"width: 219.75pt; padding: 0cm 0cm 0cm 0cm;\" width=\"293\">\n<p class=\"MsoNormal\"><span style=\"font-size: 12.0pt; font-family: 'Arial','sans-serif'; mso-fareast-font-family: 'Times New Roman'; mso-fareast-language: ES;\">D\u00aa. Mar\u00eda Pilar Mart\u00ednez<\/span><\/p>\n<\/td>\n<\/tr>\n<tr>\n<td style=\"width: 219.75pt; padding: 0cm 0cm 0cm 0cm;\" width=\"293\">\n<p class=\"MsoNormal\"><strong><span style=\"font-size: 12.0pt; font-family: 'Arial','sans-serif'; mso-fareast-font-family: 'Times New Roman'; mso-fareast-language: ES;\">SECRETARIA<\/span><\/strong><\/p>\n<\/td>\n<td style=\"width: 219.75pt; padding: 0cm 0cm 0cm 0cm;\" width=\"293\">\n<p class=\"MsoNormal\"><span style=\"font-size: 12.0pt; font-family: 'Arial','sans-serif'; mso-fareast-font-family: 'Times New Roman'; mso-fareast-language: ES;\">D\u00aa.\u00a0 Isabel Garde<\/span><\/p>\n<\/td>\n<\/tr>\n<tr>\n<td style=\"width: 439.5pt; background: #BFBFBF; padding: 0cm 0cm 0cm 0cm;\" colspan=\"2\" width=\"586\">\n<p class=\"MsoNormal\" style=\"text-align: center;\"><strong><span style=\"font-size: 12.0pt; font-family: 'Arial','sans-serif'; mso-fareast-font-family: 'Times New Roman'; mso-fareast-language: ES;\">MIEMBROS NO ELECTOS<\/span><\/strong><\/p>\n<\/td>\n<\/tr>\n<tr>\n<td style=\"width: 219.75pt; padding: 0cm 0cm 0cm 0cm;\" width=\"293\">\n<p class=\"MsoNormal\"><strong><span style=\"font-size: 12.0pt; font-family: 'Arial','sans-serif'; mso-fareast-font-family: 'Times New Roman'; mso-fareast-language: ES;\">REPRESENTANTE DEL<br \/>\nM.I. AYUNTAMIENTO<\/span><\/strong><\/p>\n<\/td>\n<td style=\"width: 219.75pt; padding: 0cm 0cm 0cm 0cm;\" width=\"293\">\n<p class=\"MsoNormal\"><span style=\"font-size: 12.0pt; font-family: 'Arial','sans-serif'; mso-fareast-font-family: 'Times New Roman'; mso-fareast-language: ES;\">D. Jos\u00e9 Antonio Hern\u00e1ndez<\/span><\/p>\n<\/td>\n<\/tr>\n<tr>\n<td style=\"width: 219.75pt; padding: 0cm 0cm 0cm 0cm;\" width=\"293\">\n<p class=\"MsoNormal\"><strong><span style=\"font-size: 12.0pt; font-family: 'Arial','sans-serif'; mso-fareast-font-family: 'Times New Roman'; mso-fareast-language: ES;\">REPRESENTANTE DE LA ASOCIACI\u00d3N DE PADRES Y MADRES<\/span><\/strong><\/p>\n<\/td>\n<td style=\"width: 219.75pt; padding: 0cm 0cm 0cm 0cm;\" width=\"293\">\n<p class=\"MsoNormal\"><span style=\"font-size: 12.0pt; font-family: 'Arial','sans-serif'; mso-fareast-font-family: 'Times New Roman'; mso-fareast-language: ES;\">D\u00aa. Irene Beorlegui<\/span><\/p>\n<\/td>\n<\/tr>\n<tr>\n<td style=\"width: 219.75pt; padding: 0cm 0cm 0cm 0cm;\" width=\"293\">\n<p class=\"MsoNormal\"><strong><span style=\"font-size: 12.0pt; font-family: 'Arial','sans-serif'; mso-fareast-font-family: 'Times New Roman'; mso-fareast-language: ES;\">REPRESENTANTE PERSONAL NO DOCENTE<\/span><\/strong><\/p>\n<\/td>\n<td style=\"width: 219.75pt; padding: 0cm 0cm 0cm 0cm;\" width=\"293\">\n<p class=\"MsoNormal\"><span style=\"font-size: 12.0pt; font-family: 'Arial','sans-serif'; mso-fareast-font-family: 'Times New Roman'; mso-fareast-language: ES;\">D\u00aa.\u00a0Azucena G\u00f3mez<\/span><\/p>\n<\/td>\n<\/tr>\n<tr>\n<td style=\"width: 439.5pt; background: #BFBFBF; padding: 0cm 0cm 0cm 0cm;\" colspan=\"2\" width=\"586\">\n<p class=\"MsoNormal\" style=\"text-align: center;\"><strong><span style=\"font-size: 12.0pt; font-family: 'Arial','sans-serif'; mso-fareast-font-family: 'Times New Roman'; mso-fareast-language: ES;\">MIEMBROS ELECTOS<\/span><\/strong><\/p>\n<\/td>\n<\/tr>\n<tr>\n<td style=\"width: 219.75pt; padding: 0cm 0cm 0cm 0cm;\" width=\"293\">\n<p class=\"MsoNormal\"><strong><span style=\"font-size: 12.0pt; font-family: 'Arial','sans-serif'; mso-fareast-font-family: 'Times New Roman'; mso-fareast-language: ES;\">REPRESENTANTES ELEGIDOS POR EL CLAUSTRO<\/span><\/strong><\/p>\n<\/td>\n<td style=\"width: 219.75pt; padding: 0cm 0cm 0cm 0cm;\" width=\"293\">\n<p class=\"MsoNormal\"><span style=\"font-size: 12.0pt; font-family: 'Arial','sans-serif'; mso-fareast-font-family: 'Times New Roman'; mso-fareast-language: ES;\">D\u00aa. Marta Garc\u00eda<\/span><\/p>\n<p class=\"MsoNormal\"><span style=\"font-size: 12.0pt; font-family: 'Arial','sans-serif'; mso-fareast-font-family: 'Times New Roman'; mso-fareast-language: ES;\">D\u00aa. M\u00aa Luz Lapuerta<\/span><\/p>\n<p class=\"MsoNormal\"><span style=\"font-size: 12.0pt; font-family: 'Arial','sans-serif'; mso-fareast-font-family: 'Times New Roman'; mso-fareast-language: ES;\">D\u00aa. Ana Armend\u00e1riz<\/span><\/p>\n<p class=\"MsoNormal\"><span style=\"font-size: 12.0pt; font-family: 'Arial','sans-serif'; mso-fareast-font-family: 'Times New Roman'; mso-fareast-language: ES;\">D\u00aa. \u00a0Lourdes P\u00e9rez<\/span><\/p>\n<p class=\"MsoNormal\"><span style=\"font-size: 12.0pt; font-family: 'Arial','sans-serif'; mso-fareast-font-family: 'Times New Roman'; mso-fareast-language: ES;\">D\u00aa.\u00a0 Itziar Go\u00f1i<\/span><\/p>\n<\/td>\n<\/tr>\n<tr>\n<td style=\"width: 219.75pt; padding: 0cm 0cm 0cm 0cm;\" width=\"293\">\n<p class=\"MsoNormal\"><strong><span style=\"font-size: 12.0pt; font-family: 'Arial','sans-serif'; mso-fareast-font-family: 'Times New Roman'; mso-fareast-language: ES;\">REPRESENTANTES DE LOS\u00a0PADRES DE ALUMNOS<\/span><\/strong><\/p>\n<\/td>\n<td style=\"width: 219.75pt; padding: 0cm 0cm 0cm 0cm;\" width=\"293\">\n<p class=\"MsoNormal\"><span style=\"font-size: 12.0pt; font-family: 'Arial','sans-serif'; mso-fareast-font-family: 'Times New Roman'; mso-fareast-language: ES;\">D. Ignacio Goya<\/span><\/p>\n<p class=\"MsoNormal\"><span style=\"font-size: 12.0pt; font-family: 'Arial','sans-serif'; mso-fareast-font-family: 'Times New Roman'; mso-fareast-language: ES;\">D\u00aa. Fatima El Abyad<\/span><\/p>\n<p class=\"MsoNormal\">D\u00aa. Miren Echeverr\u00eda<\/p>\n<\/td>\n<\/tr>\n<tr>\n<td style=\"width: 219.75pt; padding: 0cm 0cm 0cm 0cm;\" width=\"293\">\n<p class=\"MsoNormal\"><strong><span style=\"font-size: 12.0pt; font-family: 'Arial','sans-serif'; mso-fareast-font-family: 'Times New Roman'; mso-fareast-language: ES;\">REPRESENTANTE DE LOS ALUMNOS<\/span><\/strong><\/p>\n<\/td>\n<td style=\"width: 219.75pt; padding: 0cm 0cm 0cm 0cm;\" width=\"293\">\n<p class=\"MsoNormal\"><span style=\"font-size: 12.0pt; font-family: 'Arial','sans-serif'; mso-fareast-font-family: 'Times New Roman'; mso-fareast-language: ES;\">D.\u00a0<\/span><\/p>\n<\/td>\n<\/tr>\n<\/tbody>\n<\/table>\n<p class=\"MsoNormal\">\u00a0Sus competencias son:<\/p>\n<p>La LOMCE, en su art\u00edculo 127, establece las siguientes competencias:<\/p>\n<p>a) \u00a0Evaluar el proyecto educativo, el proyecto de gesti\u00f3n y las normas de organizaci\u00f3n y funcionamiento del centro.<\/p>\n<p>b) Evaluar la programaci\u00f3n general anual del centro, sin perjuicio de las competencias del Claustro del profesorado, en relaci\u00f3n con la planificaci\u00f3n y organizaci\u00f3n docente.<\/p>\n<p>c) Conocer las candidaturas a la direcci\u00f3n y los proyectos de direcci\u00f3n presentados por los candidatos.<\/p>\n<p>d) Participar en la selecci\u00f3n del director del centro, en los t\u00e9rminos que la presente Ley Org\u00e1nica establece. Ser informado del nombramiento y cese de los dem\u00e1s miembros del equipo directivo. En su caso, previo acuerdo de sus miembros, adoptado por mayor\u00eda de dos tercios, proponer la revocaci\u00f3n del nombramiento del director.<\/p>\n<p>e) Informar sobre la admisi\u00f3n de alumnos y alumnas, con sujeci\u00f3n a lo establecido en esta Ley Org\u00e1nica y disposiciones que la desarrollen.<\/p>\n<p>f) Conocer la resoluci\u00f3n de conflictos disciplinarios y velar por que se atengan a la normativa vigente. Cuando las medidas disciplinarias adoptadas por el director correspondan a conductas del alumnado que perjudiquen gravemente la convivencia del centro, el Consejo Escolar, a instancia de padres, madres o tutores legales, podr\u00e1 revisar la decisi\u00f3n adoptada y proponer, en su caso, las medidas oportunas.<\/p>\n<p>g) Proponer medidas e iniciativas que favorezcan la convivencia en el centro, la igualdad entre hombres y mujeres, la igualdad de trato y la no discriminaci\u00f3n por las causas a que se refiere el art\u00edculo 84.3 de la presente Ley Org\u00e1nica\u00a0(por raz\u00f3n de nacimiento, raza, sexo, religi\u00f3n, opini\u00f3n o cualquier otra condici\u00f3n o circunstancia personal o social), la resoluci\u00f3n pac\u00edfica de conflictos, y la prevenci\u00f3n de la violencia de g\u00e9nero.<\/p>\n<p>h) Promover la conservaci\u00f3n y renovaci\u00f3n de las instalaciones y del equipo escolar e informar la obtenci\u00f3n de recursos complementarios, de acuerdo con lo establecido en el art\u00edculo 122.3.\u00a0(Los centros docentes p\u00fablicos podr\u00e1n obtener recursos complementarios, previa aprobaci\u00f3n del director, en los t\u00e9rminos que establezcan las Administraciones educativas, dentro de los l\u00edmites que la normativa vigente establece. Estos recursos no podr\u00e1n provenir de las actividades llevadas a cabo por las asociaciones de padres, madres y de alumnos y alumnas en cumplimiento de sus fines y deber\u00e1n ser aplicados a sus gastos, de acuerdo con lo que las Administraciones educativas establezcan.)<\/p>\n<p>i) Informar las directrices para la colaboraci\u00f3n, con fines educativos y culturales, con las Administraciones locales, con otros centros, entidades y organismos.<\/p>\n<p>j) Analizar y valorar el funcionamiento general del centro, la evoluci\u00f3n del rendimiento escolar y los resultados de las evaluaciones internas y externas en las que participe el centro.<\/p>\n<p>k) Elaborar propuestas e informes, a iniciativa propia o a petici\u00f3n de la Administraci\u00f3n competente, sobre el funcionamiento del centro y la mejora de la calidad de la gesti\u00f3n, as\u00ed como sobre aquellos otros aspectos relacionados con la calidad de la misma.<\/p>\n<p>l) Cualesquiera otras que le sean atribuidas por la Administraci\u00f3n educativa.<\/p>\n","protected":false},"excerpt":{"rendered":"<p>El Consejo Escolar es un \u00f3rgano de gobierno y participaci\u00f3n del centro. Est\u00e1 compuesto por todos los sectores de la comunidad educativa y su constituci\u00f3n es obligatoria en todos los centros gestionados con fondos p\u00fablicos. Cada dos a\u00f1os se renuevan la mitad de los representantes de cada sector a excepci\u00f3n del Equipo Directivo que, de [&hellip;]<\/p>\n","protected":false},"author":1,"featured_media":0,"parent":790,"menu_order":1,"comment_status":"closed","ping_status":"closed","template":"","meta":{"_genesis_hide_title":false,"_genesis_hide_breadcrumbs":false,"_genesis_hide_singular_image":false,"_genesis_hide_footer_widgets":false,"_genesis_custom_body_class":"","_genesis_custom_post_class":"","_genesis_layout":""},"_links":{"self":[{"href":"https:\/\/cpfalces.educacion.navarra.es\/blogs\/wp-json\/wp\/v2\/pages\/73"}],"collection":[{"href":"https:\/\/cpfalces.educacion.navarra.es\/blogs\/wp-json\/wp\/v2\/pages"}],"about":[{"href":"https:\/\/cpfalces.educacion.navarra.es\/blogs\/wp-json\/wp\/v2\/types\/page"}],"author":[{"embeddable":true,"href":"https:\/\/cpfalces.educacion.navarra.es\/blogs\/wp-json\/wp\/v2\/users\/1"}],"replies":[{"embeddable":true,"href":"https:\/\/cpfalces.educacion.navarra.es\/blogs\/wp-json\/wp\/v2\/comments?post=73"}],"version-history":[{"count":19,"href":"https:\/\/cpfalces.educacion.navarra.es\/blogs\/wp-json\/wp\/v2\/pages\/73\/revisions"}],"predecessor-version":[{"id":2726,"href":"https:\/\/cpfalces.educacion.navarra.es\/blogs\/wp-json\/wp\/v2\/pages\/73\/revisions\/2726"}],"up":[{"embeddable":true,"href":"https:\/\/cpfalces.educacion.navarra.es\/blogs\/wp-json\/wp\/v2\/pages\/790"}],"wp:attachment":[{"href":"https:\/\/cpfalces.educacion.navarra.es\/blogs\/wp-json\/wp\/v2\/media?parent=73"}],"curies":[{"name":"wp","href":"https:\/\/api.w.org\/{rel}","templated":true}]}}